{"id":63,"date":"2018-01-14T12:19:06","date_gmt":"2018-01-14T09:19:06","guid":{"rendered":"http:\/\/2018.brs.org.tr\/?page_id=63"},"modified":"2018-04-10T15:48:33","modified_gmt":"2018-04-10T12:48:33","slug":"bilim-kurulu","status":"publish","type":"page","link":"https:\/\/2018.brs.org.tr\/index.php\/bilim-kurulu\/","title":{"rendered":"Bilim Kurulu"},"content":{"rendered":"<p style=\"text-align: center;\"><strong>Prof. Dr. Ana B. Rodriguez<\/strong><br \/>\nExtremadura \u00dcniversitesi<br \/>\nBadajoz, \u0130spanya<\/p>\n<p style=\"text-align: center;\"><strong>Do\u00e7. Dr. Denis Rousseau<\/strong><br \/>\nJoseph Fourier \u00dcniversitesi<br \/>\nGrenoble, Fransa<\/p>\n<p style=\"text-align: center;\"><strong>Prof. Dr. Jos\u00e9 A. Pariente<\/strong><br \/>\nExtremadura \u00dcniversitesi<br \/>\nBadajoz, \u0130spanya<\/p>\n<p style=\"text-align: center;\"><strong>Prof. Dr. Saeed Semnannian<\/strong><br \/>\nTarbiat Modares \u00dcniversitesi,<br \/>\nTahran, \u0130ran<\/p>\n<p style=\"text-align: center;\"><strong>Prof. Dr. Ramazan Bal<\/strong><br \/>\nGaziantep \u00dcniversitesi,<br \/>\nGaziantep, T\u00fcrkiye<\/p>\n<p style=\"text-align: center;\"><strong>Yard. Do\u00e7. Dr.Sergio D. Paredes<\/strong><br \/>\nMadrid Complutense \u00dcniversitesi,<br \/>\nMadrid, \u0130spanya<\/p>\n<p style=\"text-align: center;\"><strong>Dr. Simon Hebeisen<\/strong><br \/>\nB&#8217;SYS Analytics GmbH<br \/>\nBiningen, \u0130svi\u00e7re<\/p>\n<p style=\"text-align: center;\"><strong>Dr. Lazlo Pecze<\/strong><br \/>\nFreiburg Universitesi<br \/>\nFreiburg, \u0130svi\u00e7re<\/p>\n<p style=\"text-align: center;\"><strong>Dr. Nady Brady<\/strong><br \/>\nNew South Wales Universitesi<br \/>\nSidney, Avustralya<\/p>\n<p style=\"text-align: center;\"><strong>Prof. Dr. Mohamed Trebak<\/strong><br \/>\nPennsylvania \u00dcniversitsi,<br \/>\nPennsylvania, ABD<\/p>\n<p style=\"text-align: center;\"><strong>Prof. Dr. Peter McNaughton<\/strong><br \/>\nKing\u2019s College<br \/>\nLondra, \u0130ngiltere<\/p>\n<p style=\"text-align: center;\"><strong>Prof. Dr. \u0130lker Y. Ey\u00fcpo\u011flu<\/strong><br \/>\nErlangen \u00dcniversitesi<br \/>\nErlangen, Almanya<\/p>\n","protected":false},"excerpt":{"rendered":"<p>Prof. Dr. Ana B. Rodriguez Extremadura \u00dcniversitesi Badajoz, \u0130spanya Do\u00e7. Dr. Denis Rousseau Joseph Fourier \u00dcniversitesi Grenoble, Fransa Prof. Dr. Jos\u00e9 A. Pariente Extremadura \u00dcniversitesi Badajoz, \u0130spanya Prof. Dr. Saeed Semnannian Tarbiat Modares \u00dcniversitesi, Tahran, \u0130ran Prof. Dr. Ramazan Bal Gaziantep \u00dcniversitesi, Gaziantep, T\u00fcrkiye Yard. Do\u00e7. Dr.Sergio D. Paredes Madrid Complutense \u00dcniversitesi, Madrid, \u0130spanya Dr. Simon Hebeisen B&#8217;SYS Analytics GmbH Biningen, \u0130svi\u00e7re Dr. Lazlo Pecze Freiburg Universitesi Freiburg, \u0130svi\u00e7re Dr.&hellip; <\/p>\n","protected":false},"author":1,"featured_media":0,"parent":0,"menu_order":0,"comment_status":"closed","ping_status":"closed","template":"","meta":{"footnotes":""},"class_list":["post-63","page","type-page","status-publish","hentry"],"_links":{"self":[{"href":"https:\/\/2018.brs.org.tr\/index.php\/wp-json\/wp\/v2\/pages\/63","targetHints":{"allow":["GET"]}}],"collection":[{"href":"https:\/\/2018.brs.org.tr\/index.php\/wp-json\/wp\/v2\/pages"}],"about":[{"href":"https:\/\/2018.brs.org.tr\/index.php\/wp-json\/wp\/v2\/types\/page"}],"author":[{"embeddable":true,"href":"https:\/\/2018.brs.org.tr\/index.php\/wp-json\/wp\/v2\/users\/1"}],"replies":[{"embeddable":true,"href":"https:\/\/2018.brs.org.tr\/index.php\/wp-json\/wp\/v2\/comments?post=63"}],"version-history":[{"count":6,"href":"https:\/\/2018.brs.org.tr\/index.php\/wp-json\/wp\/v2\/pages\/63\/revisions"}],"predecessor-version":[{"id":959,"href":"https:\/\/2018.brs.org.tr\/index.php\/wp-json\/wp\/v2\/pages\/63\/revisions\/959"}],"wp:attachment":[{"href":"https:\/\/2018.brs.org.tr\/index.php\/wp-json\/wp\/v2\/media?parent=63"}],"curies":[{"name":"wp","href":"https:\/\/api.w.org\/{rel}","templated":true}]}}