{"id":184,"date":"2018-01-14T15:49:54","date_gmt":"2018-01-14T12:49:54","guid":{"rendered":"http:\/\/2018.brs.org.tr\/?page_id=184"},"modified":"2018-01-21T14:35:09","modified_gmt":"2018-01-21T11:35:09","slug":"contact","status":"publish","type":"page","link":"https:\/\/2018.brs.org.tr\/index.php\/contact\/","title":{"rendered":"Contact"},"content":{"rendered":"<p><img loading=\"lazy\" decoding=\"async\" class=\"alignnone size-full wp-image-585\" src=\"http:\/\/2018.brs.org.tr\/wp-content\/uploads\/2018\/01\/brs-\u00fcst-11-1.png\" alt=\"\" width=\"1500\" height=\"300\" srcset=\"https:\/\/2018.brs.org.tr\/wp-content\/uploads\/2018\/01\/brs-\u00fcst-11-1.png 1500w, https:\/\/2018.brs.org.tr\/wp-content\/uploads\/2018\/01\/brs-\u00fcst-11-1-300x60.png 300w, https:\/\/2018.brs.org.tr\/wp-content\/uploads\/2018\/01\/brs-\u00fcst-11-1-768x154.png 768w, https:\/\/2018.brs.org.tr\/wp-content\/uploads\/2018\/01\/brs-\u00fcst-11-1-1024x205.png 1024w\" sizes=\"auto, (max-width: 1500px) 100vw, 1500px\" \/><\/p>\n<p>S\u00fcleyman Demirel \u00dcniversitesi, T\u0131p Fak\u00fcltesi, N\u00f6rolojik Bilimler Ar\u015f. ve Uyg. Merkezi<\/p>\n<p>Morfoloji Binas\u0131, Do\u011fu Kamp\u00fcs\u00fc<\/p>\n<p>32260 \u00c7\u00fcn\u00fcr \/ Isparta<\/p>\n<p>Tel: +90 246 211 36 41<\/p>\n<p>Fax: +90 246 237 11 65<\/p>\n<p><span id=\"cloak2759ce874b3dc898c2c2625bede9a96c\"><a href=\"mailto:biophysics@sdu.edu.tr\">norobam@sdu.edu.tr<\/a><\/span><\/p>\n","protected":false},"excerpt":{"rendered":"<p>S\u00fcleyman Demirel \u00dcniversitesi, T\u0131p Fak\u00fcltesi, N\u00f6rolojik Bilimler Ar\u015f. ve Uyg. Merkezi Morfoloji Binas\u0131, Do\u011fu Kamp\u00fcs\u00fc 32260 \u00c7\u00fcn\u00fcr \/ Isparta Tel: +90 246 211 36 41 Fax: +90 246 237 11 65 norobam@sdu.edu.tr<\/p>\n","protected":false},"author":1,"featured_media":0,"parent":0,"menu_order":0,"comment_status":"closed","ping_status":"closed","template":"","meta":{"footnotes":""},"class_list":["post-184","page","type-page","status-publish","hentry"],"_links":{"self":[{"href":"https:\/\/2018.brs.org.tr\/index.php\/wp-json\/wp\/v2\/pages\/184","targetHints":{"allow":["GET"]}}],"collection":[{"href":"https:\/\/2018.brs.org.tr\/index.php\/wp-json\/wp\/v2\/pages"}],"about":[{"href":"https:\/\/2018.brs.org.tr\/index.php\/wp-json\/wp\/v2\/types\/page"}],"author":[{"embeddable":true,"href":"https:\/\/2018.brs.org.tr\/index.php\/wp-json\/wp\/v2\/users\/1"}],"replies":[{"embeddable":true,"href":"https:\/\/2018.brs.org.tr\/index.php\/wp-json\/wp\/v2\/comments?post=184"}],"version-history":[{"count":3,"href":"https:\/\/2018.brs.org.tr\/index.php\/wp-json\/wp\/v2\/pages\/184\/revisions"}],"predecessor-version":[{"id":589,"href":"https:\/\/2018.brs.org.tr\/index.php\/wp-json\/wp\/v2\/pages\/184\/revisions\/589"}],"wp:attachment":[{"href":"https:\/\/2018.brs.org.tr\/index.php\/wp-json\/wp\/v2\/media?parent=184"}],"curies":[{"name":"wp","href":"https:\/\/api.w.org\/{rel}","templated":true}]}}