{"id":175,"date":"2018-01-14T15:48:20","date_gmt":"2018-01-14T12:48:20","guid":{"rendered":"http:\/\/2018.brs.org.tr\/?page_id=175"},"modified":"2018-05-25T10:58:45","modified_gmt":"2018-05-25T07:58:45","slug":"kayit","status":"publish","type":"page","link":"https:\/\/2018.brs.org.tr\/index.php\/kayit\/","title":{"rendered":"Kay\u0131t"},"content":{"rendered":"<p><u>Kay\u0131t \u00dccretine Dahil Olanlar<\/u>:<\/p>\n<p>\u00dcniversitede 2 \u00f6\u011f\u00fcn (\u00f6\u011fle ve ak\u015fam) yemek.<\/p>\n<p>Servis<\/p>\n<p>\u00c7ay-Kahve ikramlar\u0131 ve ekstralar (kuru pasta, meyve vb)<\/p>\n<p>Geziler ve M\u00fcze Giri\u015f \u00dccretleri (E\u011firdir g\u00f6l\u00fc, kilim m\u00fczesi, \u015fehir i\u00e7i tarihi yerler ve g\u00f6lc\u00fck krater g\u00f6l\u00fc gezileri)<\/p>\n<p>Laboratuvar sarf malzemeleri<\/p>\n<p>Deney hayvanlar\u0131 masraflar\u0131<\/p>\n<p>Yaz\u0131l\u0131 ve bas\u0131l\u0131 giderler ve \u00e7anta.<\/p>\n<p>\u00d6\u011fretim \u00fcyesi ders \u00fccretleri<\/p>\n<p>Fiyatlara KDV (%8) dahil de\u011fildir.<\/p>\n<p>01 Haziran 2018 tarihine kadar yaz\u0131l\u0131 olarak bildirildi\u011fi takdirde kay\u0131t \u00fccretinin % 50 si iade edilir. Bu tarihten sonra yap\u0131lacak kay\u0131t iptallerinde iade yap\u0131lmayacakt\u0131r. T\u00fcm iade \u00f6demeleri okul bitiminden sonra yap\u0131lacakt\u0131r<\/p>\n<p><u>Akademik Grup<\/u><\/p>\n<p>Akademik Grup, Beyin Okuluna kat\u0131lanlar\u0131n sahip olduklar\u0131 imkanlar\u0131n yan\u0131 s\u0131ra, Beyin Okulu s\u0131ras\u0131nda a\u015fa\u011f\u0131daki konulardan birisinde yapacaklar\u0131 analizler sayesinde (Sa\u011fl\u0131kl\u0131 sonu\u00e7lar elde edilirse) SCI kapsam\u0131nda bas\u0131lan y\u00fcksek impakt fakt\u00f6rl\u00fc bir dergide eser sahibi olacaklard\u0131r. Bilimsel eserdeki isim s\u0131ralamas\u0131 katk\u0131 oran\u0131na g\u00f6re belirlenecektir. \u00c7al\u0131\u015fma konular\u0131 kat\u0131l\u0131mc\u0131lar\u0131n anabilim dallar\u0131na g\u00f6re belirlenecek ve her \u00e7al\u0131\u015fmada 3 kat\u0131l\u0131mc\u0131 yer alacakt\u0131r. Potansiyel konular \u015funlard\u0131r;<\/p>\n<p>1) DBTRG (Glioblastoma) h\u00fccre serisi ve hipoksi \u00e7al\u0131\u015fmas\u0131<\/p>\n<p>2) N1E115 (Beyin n\u00f6roblastoma) h\u00fccre serisi \u00e7al\u0131\u015fmas\u0131<\/p>\n<p>3) DBTRG (Glioblastoma) ve \u0131s\u0131 ile a\u00e7\u0131lan TRP kanallar\u0131<\/p>\n<h2>Kay\u0131t \u00dccretleri<\/h2>\n<p><img loading=\"lazy\" decoding=\"async\" class=\"alignnone size-full wp-image-216\" src=\"http:\/\/2018.brs.org.tr\/wp-content\/uploads\/2018\/01\/kay\u0131t-\u00fccreti-TR.jpg\" alt=\"\" width=\"1308\" height=\"353\" srcset=\"https:\/\/2018.brs.org.tr\/wp-content\/uploads\/2018\/01\/kay\u0131t-\u00fccreti-TR.jpg 1308w, https:\/\/2018.brs.org.tr\/wp-content\/uploads\/2018\/01\/kay\u0131t-\u00fccreti-TR-300x81.jpg 300w, https:\/\/2018.brs.org.tr\/wp-content\/uploads\/2018\/01\/kay\u0131t-\u00fccreti-TR-768x207.jpg 768w, https:\/\/2018.brs.org.tr\/wp-content\/uploads\/2018\/01\/kay\u0131t-\u00fccreti-TR-1024x276.jpg 1024w\" sizes=\"auto, (max-width: 1308px) 100vw, 1308px\" \/><\/p>\n<p><strong>Banka Hesap Bilgileri<\/strong><\/p>\n<p class=\"x_MsoNormal\"><b>BSN SA\u011eLIK ANAL\u0130Z ARGE DANI\u015eM. ORGAN\u0130Z. TARIM SAN. VE T\u0130C. LTD \u015eT\u0130 <\/b><\/p>\n<p class=\"x_MsoNormal\">G\u00f6ller B\u00f6lgesi Teknokenti, \u00c7\u00fcn\u00fcr Mah. 102. Cadde No: 252\/215, Isparta<\/p>\n<p class=\"x_MsoNormal\">Tel: 0246 237 18 00<\/p>\n<p class=\"x_MsoNormal\"><b><\/b><b>Ziraat Bankas\u0131 G\u00fclkent \/ Isparta \u015eubesi<\/b><\/p>\n<p class=\"x_MsoNormal\"><b>\u015eube Kodu<\/b>: 2720 <b>Hesap no<\/b>: 81807202<\/p>\n<p class=\"x_MsoNormal\"><b>IBAN<\/b>: TR39 0001 0027 2081 8072 0250 01<\/p>\n<p>&nbsp;<\/p>\n<p><strong>Davet Mektubu <\/strong><\/p>\n<p>Okul kat\u0131l\u0131m\u0131 i\u00e7in kurumlara verilmek \u00fczere talep edilecek okul davet yaz\u0131lar\u0131 Okul Sekreterli\u011fi arac\u0131l\u0131\u011f\u0131 ile isteyen kat\u0131l\u0131mc\u0131lara g\u00f6nderilecektir (Fazla say\u0131da kat\u0131l\u0131mc\u0131 istihdam eden kurumlara merkezi izin yaz\u0131s\u0131 yaz\u0131lacakt\u0131r.) Bu t\u00fcr davet yaz\u0131lar\u0131 sadece izin amac\u0131 ile kullan\u0131labilir. Bu t\u00fcr davet mektubu sahibi misafirlerin kay\u0131t ve konaklama \u00fccretleri kendilerine aittir.<\/p>\n<p>&nbsp;<\/p>\n<h2><strong>Kay\u0131t Formu<\/strong><\/h2>\n<h4><a href=\"http:\/\/2018.brs.org.tr\/wp-content\/uploads\/2018\/01\/BRS-Kay\u0131t-Formu.docx\">Formu indiriniz<\/a><\/h4>\n<div class=\"caldera-grid\" id=\"caldera_form_1\" data-cf-ver=\"1.9.5\" data-cf-form-id=\"CF5a5b583a5ed92\"><div id=\"caldera_notices_1\" data-spinner=\"https:\/\/2018.brs.org.tr\/wp-admin\/images\/spinner.gif\"><\/div><form data-instance=\"1\" class=\"CF5a5b583a5ed92 caldera_forms_form cfajax-trigger\" method=\"POST\" enctype=\"multipart\/form-data\" id=\"CF5a5b583a5ed92_1\" data-form-id=\"CF5a5b583a5ed92\" aria-label=\"Kay\u0131t Formu\" data-target=\"#caldera_notices_1\" data-template=\"#cfajax_CF5a5b583a5ed92-tmpl\" data-cfajax=\"CF5a5b583a5ed92\" data-load-element=\"_parent\" data-load-class=\"cf_processing\" data-post-disable=\"0\" data-action=\"cf_process_ajax_submit\" data-request=\"https:\/\/2018.brs.org.tr\/cf-api\/CF5a5b583a5ed92\" data-hiderows=\"true\">\r\n<input type=\"hidden\" id=\"_cf_verify_CF5a5b583a5ed92\" name=\"_cf_verify\" value=\"7f8938eeeb\"  data-nonce-time=\"1776927030\" \/><input type=\"hidden\" name=\"_wp_http_referer\" value=\"\/index.php\/wp-json\/wp\/v2\/pages\/175\" \/><div id=\"cf2-CF5a5b583a5ed92_1\"><\/div><input type=\"hidden\" name=\"_cf_frm_id\" value=\"CF5a5b583a5ed92\">\r\n<input type=\"hidden\" name=\"_cf_frm_ct\" value=\"1\">\r\n<input type=\"hidden\" name=\"cfajax\" value=\"CF5a5b583a5ed92\">\r\n<input type=\"hidden\" name=\"_cf_cr_pst\" value=\"175\">\r\n<div class=\"hide\" style=\"display:none; overflow:hidden;height:0;width:0;\">\r\n<label>Phone<\/label><input type=\"text\" name=\"phone\" value=\"\" autocomplete=\"off\">\r\n<\/div><div id=\"CF5a5b583a5ed92_1-row-1\"  class=\"row  first_row\"><div  class=\"col-sm-12  single\"><div class=\"\"><h2>Kay\u0131t Detaylar\u0131<\/h2>\n<\/p>\n<hr>\n<\/div><\/div><\/div><div id=\"CF5a5b583a5ed92_1-row-2\"  class=\"row \"><div  class=\"col-sm-4  first_col\"><div data-field-wrapper=\"fld_8768091\" class=\"form-group\" id=\"fld_8768091_1-wrap\">\r\n\t<label id=\"fld_8768091Label\" for=\"fld_8768091_1\" class=\"control-label\">Ad\u0131n\u0131z <span aria-hidden=\"true\" role=\"presentation\" class=\"field_required\" style=\"color:#ee0000;\">*<\/span><\/label>\r\n\t<div class=\"\">\r\n\t\t<input   required type=\"text\" data-field=\"fld_8768091\" class=\" form-control\" id=\"fld_8768091_1\" name=\"fld_8768091\" value=\"\" data-type=\"text\" aria-required=\"true\"   aria-labelledby=\"fld_8768091Label\" >\t\t\t<\/div>\r\n<\/div>\r\n<\/div><div  class=\"col-sm-4 \"><div data-field-wrapper=\"fld_9970286\" class=\"form-group\" id=\"fld_9970286_1-wrap\">\r\n\t<label id=\"fld_9970286Label\" for=\"fld_9970286_1\" class=\"control-label\">Soyad\u0131n\u0131z <span aria-hidden=\"true\" role=\"presentation\" class=\"field_required\" style=\"color:#ee0000;\">*<\/span><\/label>\r\n\t<div class=\"\">\r\n\t\t<input   required type=\"text\" data-field=\"fld_9970286\" class=\" form-control\" id=\"fld_9970286_1\" name=\"fld_9970286\" value=\"\" data-type=\"text\" aria-required=\"true\"   aria-labelledby=\"fld_9970286Label\" >\t\t\t<\/div>\r\n<\/div>\r\n<\/div><div  class=\"col-sm-4  last_col\"><div data-field-wrapper=\"fld_6009157\" class=\"form-group\" id=\"fld_6009157_1-wrap\">\r\n\t<label id=\"fld_6009157Label\" for=\"fld_6009157_1\" class=\"control-label\">E-posta Adresi <span aria-hidden=\"true\" role=\"presentation\" class=\"field_required\" style=\"color:#ee0000;\">*<\/span><\/label>\r\n\t<div class=\"\">\r\n\t\t<input   required type=\"email\" data-field=\"fld_6009157\" class=\" form-control\" id=\"fld_6009157_1\" name=\"fld_6009157\" value=\"\" data-type=\"email\" aria-required=\"true\"   aria-labelledby=\"fld_6009157Label\" >\t\t\t<\/div>\r\n<\/div>\r\n<\/div><\/div><div id=\"CF5a5b583a5ed92_1-row-3\"  class=\"row \"><div  class=\"col-sm-4  first_col\"><div data-field-wrapper=\"fld_1616781\" class=\"form-group\" id=\"fld_1616781_1-wrap\">\r\n\t<label id=\"fld_1616781Label\" for=\"fld_1616781_1\" class=\"control-label\">Kay\u0131t Formu <span aria-hidden=\"true\" role=\"presentation\" class=\"field_required\" style=\"color:#ee0000;\">*<\/span><\/label>\r\n\t<div class=\"file-prevent-overflow\">\r\n\t\t<div id=\"fld_1616781_1_file_list\" class=\"cf-multi-uploader-list\"><\/div>\n\t\t\t\t<input type=\"file\" name=\"fld_1616781\" value=\"\" data-field=\"fld_1616781\" class=\"\" id=\"fld_1616781_1\" data-controlid=\"trupl69e9c1364ded0\"   required=\"required\"   aria-labelledby=\"fld_1616781Label\">\n\t\t<input type=\"hidden\" name=\"fld_1616781\" value=\"trupl69e9c1364ded0\">\n\t\t\t<\/div>\r\n<\/div>\r\n<\/div><div  class=\"col-sm-4 \"><div data-field-wrapper=\"fld_3266032\" class=\"form-group\" id=\"fld_3266032_1-wrap\">\r\n\t<label id=\"fld_3266032Label\" for=\"fld_3266032_1\" class=\"control-label\">\u00d6zetiniz<\/label>\r\n\t<div class=\"file-prevent-overflow\">\r\n\t\t<div id=\"fld_3266032_1_file_list\" class=\"cf-multi-uploader-list\"><\/div>\n\t\t\t\t<input type=\"file\" name=\"fld_3266032\" value=\"\" data-field=\"fld_3266032\" class=\"\" id=\"fld_3266032_1\" data-controlid=\"trupl69e9c1364dfb6\"      aria-labelledby=\"fld_3266032Label\">\n\t\t<input type=\"hidden\" name=\"fld_3266032\" value=\"trupl69e9c1364dfb6\">\n\t\t\t<\/div>\r\n<\/div>\r\n<\/div><div  class=\"col-sm-4  last_col\"><div data-field-wrapper=\"fld_3802937\" class=\"form-group\" id=\"fld_3802937_1-wrap\">\r\n\t<label id=\"fld_3802937Label\" for=\"fld_3802937_1\" class=\"control-label\">Dekont <span aria-hidden=\"true\" role=\"presentation\" class=\"field_required\" style=\"color:#ee0000;\">*<\/span><\/label>\r\n\t<div class=\"file-prevent-overflow\">\r\n\t\t<div id=\"fld_3802937_1_file_list\" class=\"cf-multi-uploader-list\"><\/div>\n\t\t\t\t<input type=\"file\" name=\"fld_3802937\" value=\"\" data-field=\"fld_3802937\" class=\"\" id=\"fld_3802937_1\" data-controlid=\"trupl69e9c1364e058\"   required=\"required\"   aria-labelledby=\"fld_3802937Label\">\n\t\t<input type=\"hidden\" name=\"fld_3802937\" value=\"trupl69e9c1364e058\">\n\t\t\t<\/div>\r\n<\/div>\r\n<\/div><\/div><div id=\"CF5a5b583a5ed92_1-row-4\"  class=\"row \"><div  class=\"col-sm-12  single\"><div data-field-wrapper=\"fld_7683514\" class=\"form-group\" id=\"fld_7683514_1-wrap\">\r\n\t<label id=\"fld_7683514Label\" for=\"fld_7683514_1\" class=\"control-label\">A\u00e7\u0131klama<\/label>\r\n\t<div class=\"\">\r\n\t\t<textarea name=\"fld_7683514\" value=\"\" data-field=\"fld_7683514\" class=\"form-control\" id=\"fld_7683514_1\" rows=\"7\"    aria-labelledby=\"fld_7683514Label\" ><\/textarea>\n\t\t\t<\/div>\r\n<\/div>\r\n<\/div><\/div><div id=\"CF5a5b583a5ed92_1-row-5\"  class=\"row  last_row\"><div  class=\"col-sm-12  single\"><div data-field-wrapper=\"fld_7908577\" class=\"form-group\" id=\"fld_7908577_1-wrap\">\r\n<div class=\"\">\r\n\t<input  class=\"btn btn-default\" type=\"submit\" name=\"fld_7908577\" id=\"fld_7908577_1\" value=\"Kay\u0131t ol\" data-field=\"fld_7908577\"  >\n<\/div>\r\n<\/div>\r\n\t<input class=\"button_trigger_1\" type=\"hidden\" name=\"fld_7908577\" id=\"fld_7908577_1_btn\" value=\"\" data-field=\"fld_7908577\"  \/>\n<\/div><\/div><\/form>\r\n<\/div>\r\n\n","protected":false},"excerpt":{"rendered":"<p>Kay\u0131t \u00dccretine Dahil Olanlar: \u00dcniversitede 2 \u00f6\u011f\u00fcn (\u00f6\u011fle ve ak\u015fam) yemek. Servis \u00c7ay-Kahve ikramlar\u0131 ve ekstralar (kuru pasta, meyve vb) Geziler ve M\u00fcze Giri\u015f \u00dccretleri (E\u011firdir g\u00f6l\u00fc, kilim m\u00fczesi, \u015fehir i\u00e7i tarihi yerler ve g\u00f6lc\u00fck krater g\u00f6l\u00fc gezileri) Laboratuvar sarf malzemeleri Deney hayvanlar\u0131 masraflar\u0131 Yaz\u0131l\u0131 ve bas\u0131l\u0131 giderler ve \u00e7anta. \u00d6\u011fretim \u00fcyesi ders \u00fccretleri Fiyatlara KDV (%8) dahil de\u011fildir. 01 Haziran 2018 tarihine kadar yaz\u0131l\u0131 olarak bildirildi\u011fi takdirde kay\u0131t \u00fccretinin&hellip; <\/p>\n","protected":false},"author":1,"featured_media":0,"parent":0,"menu_order":0,"comment_status":"closed","ping_status":"closed","template":"layouts\/page-fullwidth.php","meta":{"footnotes":""},"class_list":["post-175","page","type-page","status-publish","hentry"],"_links":{"self":[{"href":"https:\/\/2018.brs.org.tr\/index.php\/wp-json\/wp\/v2\/pages\/175","targetHints":{"allow":["GET"]}}],"collection":[{"href":"https:\/\/2018.brs.org.tr\/index.php\/wp-json\/wp\/v2\/pages"}],"about":[{"href":"https:\/\/2018.brs.org.tr\/index.php\/wp-json\/wp\/v2\/types\/page"}],"author":[{"embeddable":true,"href":"https:\/\/2018.brs.org.tr\/index.php\/wp-json\/wp\/v2\/users\/1"}],"replies":[{"embeddable":true,"href":"https:\/\/2018.brs.org.tr\/index.php\/wp-json\/wp\/v2\/comments?post=175"}],"version-history":[{"count":16,"href":"https:\/\/2018.brs.org.tr\/index.php\/wp-json\/wp\/v2\/pages\/175\/revisions"}],"predecessor-version":[{"id":1027,"href":"https:\/\/2018.brs.org.tr\/index.php\/wp-json\/wp\/v2\/pages\/175\/revisions\/1027"}],"wp:attachment":[{"href":"https:\/\/2018.brs.org.tr\/index.php\/wp-json\/wp\/v2\/media?parent=175"}],"curies":[{"name":"wp","href":"https:\/\/api.w.org\/{rel}","templated":true}]}}