{"id":172,"date":"2018-01-14T15:47:50","date_gmt":"2018-01-14T12:47:50","guid":{"rendered":"http:\/\/2018.brs.org.tr\/?page_id=172"},"modified":"2018-04-10T15:38:44","modified_gmt":"2018-04-10T12:38:44","slug":"organization-comittee","status":"publish","type":"page","link":"https:\/\/2018.brs.org.tr\/index.php\/organization-comittee\/","title":{"rendered":"Organization Comittee"},"content":{"rendered":"<p style=\"text-align: center;\"><strong>Chair<br \/>\n<\/strong><strong>Prof. Dr. Mustafa NAZIRO\u011eLU<\/strong><br \/>\nDepartment of Biophysics, Medical Faculty, S\u00fcleyman Demirel University<\/p>\n<p style=\"text-align: center;\"><strong><br \/>\n<\/strong><strong>Vice Chair<br \/>\n<\/strong><strong>Assoc. Prof. Dr. \u00d6mer \u00c7EL\u0130K<\/strong><br \/>\nDepartment of Biophysics, Medical Faculty, S\u00fcleyman Demirel University<\/p>\n<p style=\"text-align: center;\"><strong>\u00a0<\/strong><strong><br \/>\n<\/strong><\/p>\n<p style=\"text-align: center;\"><strong>Secretariat<br \/>\n<\/strong><strong>Res. Assist. Ahmi \u00d6Z &amp; Bilal \u00c7\u0130\u011e &amp; Ramazan \u00c7INAR<\/strong><br \/>\nDepartment of Biophysics, Medical Faculty, S\u00fcleyman Demirel University<\/p>\n<p style=\"text-align: center;\"><strong>Accountants<\/strong><strong><br \/>\n<\/strong><strong>Res. Assist.\u00a0Kenan YILDIZHAN,<br \/>\nYener YAZ\u011eAN<br \/>\n<\/strong>(Graphic Designer &amp; Webmaster)<br \/>\nDepartment of Biophysics, Medical Faculty, S\u00fcleyman Demirel University<\/p>\n<p style=\"text-align: center;\">\n","protected":false},"excerpt":{"rendered":"<p>Chair Prof. Dr. Mustafa NAZIRO\u011eLU Department of Biophysics, Medical Faculty, S\u00fcleyman Demirel University Vice Chair Assoc. Prof. Dr. \u00d6mer \u00c7EL\u0130K Department of Biophysics, Medical Faculty, S\u00fcleyman Demirel University \u00a0 Secretariat Res. Assist. Ahmi \u00d6Z &amp; Bilal \u00c7\u0130\u011e &amp; Ramazan \u00c7INAR Department of Biophysics, Medical Faculty, S\u00fcleyman Demirel University Accountants Res. Assist.\u00a0Kenan YILDIZHAN, Yener YAZ\u011eAN (Graphic Designer &amp; Webmaster) Department of Biophysics, Medical Faculty, S\u00fcleyman Demirel University<\/p>\n","protected":false},"author":1,"featured_media":0,"parent":0,"menu_order":0,"comment_status":"closed","ping_status":"closed","template":"","meta":{"footnotes":""},"class_list":["post-172","page","type-page","status-publish","hentry"],"_links":{"self":[{"href":"https:\/\/2018.brs.org.tr\/index.php\/wp-json\/wp\/v2\/pages\/172","targetHints":{"allow":["GET"]}}],"collection":[{"href":"https:\/\/2018.brs.org.tr\/index.php\/wp-json\/wp\/v2\/pages"}],"about":[{"href":"https:\/\/2018.brs.org.tr\/index.php\/wp-json\/wp\/v2\/types\/page"}],"author":[{"embeddable":true,"href":"https:\/\/2018.brs.org.tr\/index.php\/wp-json\/wp\/v2\/users\/1"}],"replies":[{"embeddable":true,"href":"https:\/\/2018.brs.org.tr\/index.php\/wp-json\/wp\/v2\/comments?post=172"}],"version-history":[{"count":12,"href":"https:\/\/2018.brs.org.tr\/index.php\/wp-json\/wp\/v2\/pages\/172\/revisions"}],"predecessor-version":[{"id":955,"href":"https:\/\/2018.brs.org.tr\/index.php\/wp-json\/wp\/v2\/pages\/172\/revisions\/955"}],"wp:attachment":[{"href":"https:\/\/2018.brs.org.tr\/index.php\/wp-json\/wp\/v2\/media?parent=172"}],"curies":[{"name":"wp","href":"https:\/\/api.w.org\/{rel}","templated":true}]}}