{"id":1067,"date":"2019-01-09T13:42:58","date_gmt":"2019-01-09T10:42:58","guid":{"rendered":"http:\/\/2018.brs.org.tr\/?page_id=1067"},"modified":"2021-01-23T16:11:29","modified_gmt":"2021-01-23T13:11:29","slug":"konusmacila","status":"publish","type":"page","link":"https:\/\/2018.brs.org.tr\/index.php\/konusmacila\/","title":{"rendered":"Konu\u015fmac\u0131lar"},"content":{"rendered":"<p><img loading=\"lazy\" decoding=\"async\" class=\"alignnone wp-image-382 size-thumbnail\" src=\"http:\/\/2018.brs.org.tr\/wp-content\/uploads\/2018\/01\/bal1-150x150.jpg\" alt=\"\" width=\"150\" height=\"150\" \/><\/p>\n<h4><em><strong><span lang=\"en-US\">Dr. Ramazan BAL<\/span><\/strong><\/em><\/h4>\n<p><span lang=\"en-US\" style=\"font-size: 12pt; font-family: times new roman,times;\"><span lang=\"en-US\">Gaziantep \u00dcniversitesi T\u0131p Fak\u00fcltesi Fizyoloji A.D. Gaziantep, T<\/span>\u00fcrkiye<\/span><\/p>\n<p><a href=\"http:\/\/2018.brs.org.tr\/wp-content\/uploads\/2018\/02\/bal.pdf\" target=\"_blank\" rel=\"noopener noreferrer\">Click here to view cv<\/a><\/p>\n<p><img loading=\"lazy\" decoding=\"async\" class=\"alignnone wp-image-392 size-thumbnail\" src=\"http:\/\/2018.brs.org.tr\/wp-content\/uploads\/2018\/01\/denis-150x150.jpg\" alt=\"\" width=\"150\" height=\"150\" srcset=\"https:\/\/2018.brs.org.tr\/wp-content\/uploads\/2018\/01\/denis-150x150.jpg 150w, https:\/\/2018.brs.org.tr\/wp-content\/uploads\/2018\/01\/denis-298x300.jpg 298w, https:\/\/2018.brs.org.tr\/wp-content\/uploads\/2018\/01\/denis.jpg 496w\" sizes=\"auto, (max-width: 150px) 100vw, 150px\" \/><\/p>\n<h4 style=\"text-align: justify;\"><em><strong><span lang=\"en-GB\"><span lang=\"en-US\">Dr. Denis ROUSSEAU<\/span><\/span><\/strong><\/em><\/h4>\n<p><span lang=\"en-US\" style=\"font-size: 12pt; font-family: times new roman,times;\">Department of Biology, Science Faculty, Joseph Fourier University, Grenoble, France<\/span><\/p>\n<p><a href=\"http:\/\/2018.brs.org.tr\/wp-content\/uploads\/2018\/01\/denis.pdf\">Click here to view cv<\/a><\/p>\n<p>&nbsp;<\/p>\n<p><img loading=\"lazy\" decoding=\"async\" class=\"alignnone wp-image-691 size-thumbnail\" src=\"http:\/\/2018.brs.org.tr\/wp-content\/uploads\/2018\/02\/nady-150x150.jpg\" alt=\"\" width=\"150\" height=\"150\" srcset=\"https:\/\/2018.brs.org.tr\/wp-content\/uploads\/2018\/02\/nady-150x150.jpg 150w, https:\/\/2018.brs.org.tr\/wp-content\/uploads\/2018\/02\/nady-298x300.jpg 298w, https:\/\/2018.brs.org.tr\/wp-content\/uploads\/2018\/02\/nady-768x773.jpg 768w, https:\/\/2018.brs.org.tr\/wp-content\/uploads\/2018\/02\/nady-1017x1024.jpg 1017w\" sizes=\"auto, (max-width: 150px) 100vw, 150px\" \/><\/p>\n<h4><em><strong><span lang=\"en-US\">Dr. Nady <\/span><\/strong><\/em><em><strong><span lang=\"en-US\">BRAIDY<\/span><\/strong><\/em><\/h4>\n<p><span style=\"font-family: times new roman,times; font-size: 12pt; color: #000000;\">Faculty of Medicine, University of New South Wales, Sydney Avustralya<\/span><\/p>\n<p><a href=\"http:\/\/2018.brs.org.tr\/wp-content\/uploads\/2018\/01\/braidy_cv-1.pdf\"><span lang=\"en-US\">Click here to view cv<\/span><\/a><\/p>\n<p>&nbsp;<\/p>\n<p><img loading=\"lazy\" decoding=\"async\" class=\"alignnone wp-image-386 size-thumbnail\" src=\"http:\/\/2018.brs.org.tr\/wp-content\/uploads\/2018\/01\/lazlo-150x150.jpg\" alt=\"\" width=\"150\" height=\"150\" \/><\/p>\n<h4><em><strong><span lang=\"en-US\">Dr Lazlo PECZE<\/span><\/strong><\/em><\/h4>\n<p><span style=\"font-family: times new roman,times; font-size: 12pt; color: #000000;\">Miskolc University, Miskolc, Hungary<\/span><\/p>\n<p><span lang=\"en-US\">Click here to view cv<\/span><\/p>\n<p>&nbsp;<\/p>\n<p><img loading=\"lazy\" decoding=\"async\" class=\"alignnone wp-image-696 size-thumbnail\" src=\"http:\/\/2018.brs.org.tr\/wp-content\/uploads\/2018\/02\/simon-150x150.jpg\" alt=\"\" width=\"150\" height=\"150\" srcset=\"https:\/\/2018.brs.org.tr\/wp-content\/uploads\/2018\/02\/simon-150x150.jpg 150w, https:\/\/2018.brs.org.tr\/wp-content\/uploads\/2018\/02\/simon.jpg 200w\" sizes=\"auto, (max-width: 150px) 100vw, 150px\" \/><\/p>\n<h4><em><strong><span lang=\"en-US\">Dr Simon Hebeisen<\/span><\/strong><\/em><\/h4>\n<p><span style=\"font-family: times new roman,times; font-size: 12pt; color: #000000;\">B\u2019SYS Analytics GmbH, Biningen, \u0130svi\u00e7re<\/span><\/p>\n<p><a href=\"http:\/\/2018.brs.org.tr\/wp-content\/uploads\/2018\/02\/Biosketch-Simon-Hebeisen.pdf\"><span lang=\"en-US\">Click here to view cv<\/span><\/a><\/p>\n<p>&nbsp;<\/p>\n<p><img loading=\"lazy\" decoding=\"async\" class=\"alignnone wp-image-697 size-thumbnail\" src=\"http:\/\/2018.brs.org.tr\/wp-content\/uploads\/2018\/02\/sergio-150x150.jpg\" alt=\"\" width=\"150\" height=\"150\" \/><\/p>\n<h4><em><strong><span lang=\"en-US\">Dr Sergio D. Paredes<\/span><\/strong><\/em><\/h4>\n<p><span style=\"font-family: times new roman,times; font-size: 12pt; color: #000000;\">Madrid Complutense \u00dcniversitesi, Madrid, \u0130spanya<\/span><\/p>\n<p><span lang=\"en-US\">Click here to view cv<\/span><\/p>\n","protected":false},"excerpt":{"rendered":"<p>Dr. Ramazan BAL Gaziantep \u00dcniversitesi T\u0131p Fak\u00fcltesi Fizyoloji A.D. Gaziantep, T\u00fcrkiye Click here to view cv Dr. Denis ROUSSEAU Department of Biology, Science Faculty, Joseph Fourier University, Grenoble, France Click here to view cv &nbsp; Dr. Nady BRAIDY Faculty of Medicine, University of New South Wales, Sydney Avustralya Click here to view cv &nbsp; Dr Lazlo PECZE Miskolc University, Miskolc, Hungary Click here to view cv &nbsp; Dr Simon Hebeisen&hellip; <\/p>\n","protected":false},"author":1,"featured_media":0,"parent":0,"menu_order":0,"comment_status":"closed","ping_status":"closed","template":"","meta":{"footnotes":""},"class_list":["post-1067","page","type-page","status-publish","hentry"],"_links":{"self":[{"href":"https:\/\/2018.brs.org.tr\/index.php\/wp-json\/wp\/v2\/pages\/1067","targetHints":{"allow":["GET"]}}],"collection":[{"href":"https:\/\/2018.brs.org.tr\/index.php\/wp-json\/wp\/v2\/pages"}],"about":[{"href":"https:\/\/2018.brs.org.tr\/index.php\/wp-json\/wp\/v2\/types\/page"}],"author":[{"embeddable":true,"href":"https:\/\/2018.brs.org.tr\/index.php\/wp-json\/wp\/v2\/users\/1"}],"replies":[{"embeddable":true,"href":"https:\/\/2018.brs.org.tr\/index.php\/wp-json\/wp\/v2\/comments?post=1067"}],"version-history":[{"count":3,"href":"https:\/\/2018.brs.org.tr\/index.php\/wp-json\/wp\/v2\/pages\/1067\/revisions"}],"predecessor-version":[{"id":1075,"href":"https:\/\/2018.brs.org.tr\/index.php\/wp-json\/wp\/v2\/pages\/1067\/revisions\/1075"}],"wp:attachment":[{"href":"https:\/\/2018.brs.org.tr\/index.php\/wp-json\/wp\/v2\/media?parent=1067"}],"curies":[{"name":"wp","href":"https:\/\/api.w.org\/{rel}","templated":true}]}}