{"id":46,"date":"2018-01-14T11:57:05","date_gmt":"2018-01-14T08:57:05","guid":{"rendered":"http:\/\/2018.brs.org.tr\/?page_id=46"},"modified":"2018-01-14T15:22:43","modified_gmt":"2018-01-14T12:22:43","slug":"amac-ve-kapsam","status":"publish","type":"page","link":"http:\/\/2018.brs.org.tr\/index.php\/amac-ve-kapsam\/","title":{"rendered":"Ama\u00e7 ve Kapsam"},"content":{"rendered":"<p>H\u00fccresel Sinir Bilimleri ve Oksidatif Stres Derne\u011fi (HSOD) taraf\u0131ndan, 2. Uluslararas\u0131 Beyin Ara\u015ft\u0131rmalar\u0131 Okulu 6-12 Kas\u0131m 2017 tarihleri aras\u0131nda 20 (1 do\u00e7ent, 5 Yard\u0131mc\u0131 Do\u00e7ent, 2 Uzman Doktor, 10 Ara\u015ft\u0131rma G\u00f6revlisi ve 2 T\u0131p Fak\u00fcltesi \u00f6\u011frencisi) kat\u0131l\u0131mc\u0131 ile tamamlanm\u0131\u015ft\u0131r (http:\/\/www.cmos.org.tr\/brs2017\/tr). Ayr\u0131ca kongrede 7 yerli ve 5 yabanc\u0131 \u00f6\u011fretim \u00fcyesi ders vermi\u015ftir. Dokuz ki\u015filik akademik kat\u0131l\u0131mc\u0131 3 ayr\u0131 grupta yapt\u0131klar\u0131 ba\u015far\u0131l\u0131 analizler ve g\u00f6rev taksimi ile SCI kapsam\u0131nda 3 makale \u00fcretmi\u015flerdir. Okul \u00f6zetleri, bir\u00e7ok indeks taraf\u0131ndan taranan \u2018Journal of Cellular Neuroscience and Oxidatives Stress dergisinde (http:\/\/dergipark.gov.tr\/jcnos)\u2019 bas\u0131lm\u0131\u015ft\u0131r. Bilimsel ve sosyal y\u00f6nden ba\u015far\u0131l\u0131 ge\u00e7en ilk BRS Okulu, bizi \u00fc\u00e7\u00fcnc\u00fcs\u00fcne d\u00fczenlemek i\u00e7in cesaretlendirmi\u015ftir.<br \/>\n3. Uluslararas\u0131 Beyin Ara\u015ft\u0131rmalar\u0131 Okulu 25 Haziran-1 Temmuz Kas\u0131m 2018 tarihleri aras\u0131nda HSOD taraf\u0131ndan Isparta\u2019da N\u00f6rolojik Bilimler Uygulama ve Ara\u015ft\u0131rma Merkezi (N\u00d6ROBAM) ve BSN Sa\u011fl\u0131k Analiz Ltd. (Teknokent, SD\u00dc Kamp\u00fcs) d\u00fczenlenecektir (http:\/\/2018.brs.org.tr\/). 3. Uluslararas\u0131 Beyin Ara\u015ft\u0131rmalar\u0131 Okulu, sinir h\u00fccre k\u00fclt\u00fcr\u00fc ortam\u0131nda anatomi, biyofizik, biyokimya, biyoloji, farmakoloji, fizyoloji, genetik, histoloji-embriyoloji, beyin cerrahisi, n\u00f6roloji, psikiyatri, sinir bilimleri analizlerinin yap\u0131labilmesi ve ara\u015ft\u0131r\u0131lmas\u0131nda kullan\u0131lan teknikleri ve temel sinir bilim bilgilerini ara\u015ft\u0131rmac\u0131lara aktarmay\u0131 hedeflemektedir (sinir h\u00fccreleri h\u00fccre k\u00fclt\u00fcr\u00fc ortam\u0131nda Patch-Clamp elektrofizyoloji, Western Blot, plate reader, Kalsiyum Sinyali ve konfokal mikroskop analizleri). Okulda, iyonlar, iyon kanallar\u0131 ve sinir fizyolojisi gibi temel dersler yerli ve yabanc\u0131 \u00f6\u011fretim \u00fcyeleri taraf\u0131ndan anlat\u0131lacakt\u0131r. Okulda yeni projeler ve ara\u015ft\u0131rmalar yapabilmek i\u00e7in konular\u0131nda uzman yabanc\u0131 bilim insanlar\u0131 ile tan\u0131\u015fma, bilgi al\u0131\u015f-veri\u015fi gibi faaliyetler yap\u0131lacakt\u0131r. Kat\u0131l\u0131mc\u0131lara deney hayvanlar\u0131nda Epilepsi, Alzheimer, demans ve diyabetik N\u00f6ropatik A\u011fr\u0131 olu\u015fturma ve \u00f6l\u00e7me teknikleri (hot plate ve Von Frey), ve sinir h\u00fccresi (arka k\u00f6k gangliyon h\u00fccreleri, mikroglia ve hipokampus) de anlat\u0131lacakt\u0131r. Okulda akademik grupta olan kat\u0131l\u0131mc\u0131lara bilimsel ara\u015ft\u0131rma makalesi haz\u0131rlama teknikleri de anlat\u0131lacakt\u0131r.<br \/>\nOkulumuzda %80 yabanc\u0131 ders veren \u00f6\u011fretim \u00fcyesi vard\u0131r ve okulda yap\u0131lacak poster sunumlar\u0131 Y\u00fcksek\u00f6\u011fretim Kurulu Akademik Te\u015fvik Y\u00f6nergesince belirtilen uluslararas\u0131 aktivite \u015fartlar\u0131n\u0131 sa\u011flamaktad\u0131r ve sunum sahibine performans puan\u0131 kazand\u0131rmaktad\u0131r.<br \/>\nOkulda yap\u0131lan analizler ve derleme \u00e7al\u0131\u015fmalar\u0131 sonucu \u00e7\u0131kacak \u0130ngilizce makaleler SCI kapsam\u0131nda taranan bir dergide yay\u0131nlat\u0131lmaya \u00e7al\u0131\u015f\u0131lacakt\u0131r.<\/p>\n<p>Okul kontenjan\u0131 30 (9\u2019u akademik grup) kat\u0131l\u0131mc\u0131 ile s\u0131n\u0131rl\u0131d\u0131r.<\/p>\n<p>G\u00fcller diyar\u0131 Isparta\u2019da g\u00f6r\u00fc\u015fmek \u00fcmidi ile. Sayg\u0131lar\u0131m\u0131zla.<\/p>\n<p>D\u00fczenleme Kurulu Ad\u0131na<br \/>\nProf. Dr. Mustafa NAZIRO\u011eLU<\/p>\n","protected":false},"excerpt":{"rendered":"<p>H\u00fccresel Sinir Bilimleri ve Oksidatif Stres Derne\u011fi (HSOD) taraf\u0131ndan, 2. Uluslararas\u0131 Beyin Ara\u015ft\u0131rmalar\u0131 Okulu 6-12 Kas\u0131m 2017 tarihleri aras\u0131nda 20 (1 do\u00e7ent, 5 Yard\u0131mc\u0131 Do\u00e7ent, 2 Uzman Doktor, 10 Ara\u015ft\u0131rma G\u00f6revlisi ve 2 T\u0131p Fak\u00fcltesi \u00f6\u011frencisi) kat\u0131l\u0131mc\u0131 ile tamamlanm\u0131\u015ft\u0131r (http:\/\/www.cmos.org.tr\/brs2017\/tr). Ayr\u0131ca kongrede 7 yerli ve 5 yabanc\u0131 \u00f6\u011fretim \u00fcyesi ders vermi\u015ftir. Dokuz ki\u015filik akademik kat\u0131l\u0131mc\u0131 3 ayr\u0131 grupta yapt\u0131klar\u0131 ba\u015far\u0131l\u0131 analizler ve g\u00f6rev taksimi ile SCI kapsam\u0131nda 3 makale \u00fcretmi\u015flerdir.&hellip; <\/p>\n","protected":false},"author":1,"featured_media":0,"parent":0,"menu_order":0,"comment_status":"closed","ping_status":"closed","template":"","meta":{"footnotes":""},"class_list":["post-46","page","type-page","status-publish","hentry"],"_links":{"self":[{"href":"http:\/\/2018.brs.org.tr\/index.php\/wp-json\/wp\/v2\/pages\/46","targetHints":{"allow":["GET"]}}],"collection":[{"href":"http:\/\/2018.brs.org.tr\/index.php\/wp-json\/wp\/v2\/pages"}],"about":[{"href":"http:\/\/2018.brs.org.tr\/index.php\/wp-json\/wp\/v2\/types\/page"}],"author":[{"embeddable":true,"href":"http:\/\/2018.brs.org.tr\/index.php\/wp-json\/wp\/v2\/users\/1"}],"replies":[{"embeddable":true,"href":"http:\/\/2018.brs.org.tr\/index.php\/wp-json\/wp\/v2\/comments?post=46"}],"version-history":[{"count":2,"href":"http:\/\/2018.brs.org.tr\/index.php\/wp-json\/wp\/v2\/pages\/46\/revisions"}],"predecessor-version":[{"id":62,"href":"http:\/\/2018.brs.org.tr\/index.php\/wp-json\/wp\/v2\/pages\/46\/revisions\/62"}],"wp:attachment":[{"href":"http:\/\/2018.brs.org.tr\/index.php\/wp-json\/wp\/v2\/media?parent=46"}],"curies":[{"name":"wp","href":"https:\/\/api.w.org\/{rel}","templated":true}]}}