{"id":201,"date":"2018-01-14T16:04:29","date_gmt":"2018-01-14T13:04:29","guid":{"rendered":"http:\/\/2018.brs.org.tr\/?page_id=201"},"modified":"2018-06-28T23:25:32","modified_gmt":"2018-06-28T20:25:32","slug":"poster-sunum-listesi","status":"publish","type":"page","link":"http:\/\/2018.brs.org.tr\/index.php\/poster-sunum-listesi\/","title":{"rendered":"Poster Sunum Listesi"},"content":{"rendered":"<p><strong>P1)<\/strong> Orhan AKPINAR (Suleyman Demirel University, Isparta, Turkey)<\/p>\n<p><strong>Gut microbiota Dysbiosis and Alzheimer\u2019s Disease<\/strong><\/p>\n<p>&nbsp;<\/p>\n<p><strong>P2)<\/strong> Mustafa G\u00dcZEL, Orhan AKPINAR (Privat Maltepe Hospital, Istanbul, Turkey)<\/p>\n<p><strong>Human gut microbiota and Parkinson Disease<\/strong><\/p>\n<p>&nbsp;<\/p>\n<p><strong>P3)<\/strong> Eda Duygu IPEK, Hulki BASALOGLU (Adnan Menderes University, Ayd\u0131n, Turkey)<\/p>\n<p><strong>Experimental Parkinson\u2019s disease models<\/strong><\/p>\n<p>&nbsp;<\/p>\n<p><strong>P4)<\/strong> Bet\u00fcl YAZ\u011eAN, Yener YAZ\u011eAN, Mustafa NAZIRO\u011eLU (S\u00fcleyman Demirel University, Isparta, Turkey)<\/p>\n<p><strong>Effects of alpha lipoic acid on TRPV1 cation channel in the dorsal root ganglion of diabetes-induced rats<\/strong><\/p>\n","protected":false},"excerpt":{"rendered":"<p>P1) Orhan AKPINAR (Suleyman Demirel University, Isparta, Turkey) Gut microbiota Dysbiosis and Alzheimer\u2019s Disease &nbsp; P2) Mustafa G\u00dcZEL, Orhan AKPINAR (Privat Maltepe Hospital, Istanbul, Turkey) Human gut microbiota and Parkinson Disease &nbsp; P3) Eda Duygu IPEK, Hulki BASALOGLU (Adnan Menderes University, Ayd\u0131n, Turkey) Experimental Parkinson\u2019s disease models &nbsp; P4) Bet\u00fcl YAZ\u011eAN, Yener YAZ\u011eAN, Mustafa NAZIRO\u011eLU (S\u00fcleyman Demirel University, Isparta, Turkey) Effects of alpha lipoic acid on TRPV1 cation channel in&hellip; <\/p>\n","protected":false},"author":1,"featured_media":0,"parent":0,"menu_order":0,"comment_status":"closed","ping_status":"closed","template":"","meta":{"footnotes":""},"class_list":["post-201","page","type-page","status-publish","hentry"],"_links":{"self":[{"href":"http:\/\/2018.brs.org.tr\/index.php\/wp-json\/wp\/v2\/pages\/201","targetHints":{"allow":["GET"]}}],"collection":[{"href":"http:\/\/2018.brs.org.tr\/index.php\/wp-json\/wp\/v2\/pages"}],"about":[{"href":"http:\/\/2018.brs.org.tr\/index.php\/wp-json\/wp\/v2\/types\/page"}],"author":[{"embeddable":true,"href":"http:\/\/2018.brs.org.tr\/index.php\/wp-json\/wp\/v2\/users\/1"}],"replies":[{"embeddable":true,"href":"http:\/\/2018.brs.org.tr\/index.php\/wp-json\/wp\/v2\/comments?post=201"}],"version-history":[{"count":5,"href":"http:\/\/2018.brs.org.tr\/index.php\/wp-json\/wp\/v2\/pages\/201\/revisions"}],"predecessor-version":[{"id":1049,"href":"http:\/\/2018.brs.org.tr\/index.php\/wp-json\/wp\/v2\/pages\/201\/revisions\/1049"}],"wp:attachment":[{"href":"http:\/\/2018.brs.org.tr\/index.php\/wp-json\/wp\/v2\/media?parent=201"}],"curies":[{"name":"wp","href":"https:\/\/api.w.org\/{rel}","templated":true}]}}